{"id":646,"date":"2021-10-28T14:15:13","date_gmt":"2021-10-28T14:15:13","guid":{"rendered":"https:\/\/fusionmuebles.com.ar\/home\/?post_type=product&#038;p=646"},"modified":"2026-01-21T12:32:40","modified_gmt":"2026-01-21T15:32:40","slug":"pupitre-clasico-bipersonal","status":"publish","type":"product","link":"https:\/\/fusionmuebles.com.ar\/home\/producto\/pupitre-clasico-bipersonal\/","title":{"rendered":"Pupitre Cl\u00e1sico Bipersonal Fabricante Directo"},"content":{"rendered":"<p>Pupitre Clasico Bipersonal Fabricante Directo<br \/>\n_______________________________________________________<\/p>\n<p>GARANT\u00cdA POR 6 MESES | Todos los medios de pago | Factura A y B<br \/>\n_______________________________________________________<\/p>\n<p>ESPECIFICACIONES T\u00c9CNICAS<\/p>\n<p>&#8211; REFUERZO EN INTERIORES Y EXTERIORES<br \/>\n&#8211; MEDIDAS:<br \/>\n&#8211; Largo: 42 metros<br \/>\n&#8211; Ancho: 104 cm.<br \/>\n&#8211; Altura: 75 cm<br \/>\n&#8211; ESTRUCTURA METALICA CON CA\u00d1O DE ACERO DE 1&#8243; Y 1\/2&#8243;<br \/>\n&#8211; PINTA EPOXI TERMOCONTRAIBLE DE ALTA RESISTENCIA<br \/>\n&#8211; SOLDADURA MIG<br \/>\n&#8211; ESTRUCTURA EN BEIGE, BLANCO O GRIS<br \/>\n&#8211; TAPA DE MADERA DE 15 MM CON ENCHAPADO EN FORMICA Y CANTOS LUSTRADOS<br \/>\n&#8211; PARRILLA PORTA UTILES<br \/>\n&#8211; FABRICANTE DIRECTO<\/p>\n<p>______________________________________________________<\/p>\n<p>*ENV\u00cdOS: CORTA DISTANCIA POR NUESTRA FLOTA DE CAMIONES, LARGA DISTANCIA POR TRANSPORTE O FLETE A CARGO DEL COMPRADOR. PONGA SU CODIGO POSTAL PARA CALCULAR EL VALOR DE ESTE, SI NO APARECE PUEDE CONSULTARNOS.<\/p>\n<p>*RETIRA: DE LUNES A VIERNES DE 8 A 5 PM POR PONTEVEDRA, MERLO.<\/p>\n<p>\u2022 PREGUNTAS FRECUENTES:<\/p>\n<p>ENV\u00cdOS:<br \/>\n\u00bfPuedo pasar a retirar mi producto?<br \/>\nSi, podes pasar a retirarlo por nuestra fabrica en Pontevedra, Merlo, Bs As. Esta opci\u00f3n la debes seleccionar al momento de realizar la compra.<br \/>\n\u00bfCu\u00e1l es el precio de los env\u00edos?<br \/>\nLos precios de env\u00edo var\u00edan seg\u00fan la zona ponga su C\u00f3digo Postal y se lo calcula, si no aparece el precio consulte.<br \/>\nSi, pag\u00e1s todo junto (producto + env\u00edo).<br \/>\n\u00bfHacen env\u00edos a todo el pa\u00eds?<br \/>\nSi, realizamos env\u00edos a todo el pa\u00eds a trav\u00e9s de flete o expreso.<br \/>\n\u00bfPodr\u00e1n entregar mi pedido en mi trabajo o en otro lado?<br \/>\nSi, pod\u00e9s recibirlo en el domicilio que quieras.<br \/>\n\u00bfEl producto lo puede recibir cualquier persona?<br \/>\nSi, en el proceso de compra, vas a poder definir qui\u00e9n va a recibir el pedido, debes dejar una autorizaci\u00f3n firmada con los datos de la persona que recibe y fotocopia de tu DNI.<\/p>\n<p>PRODUCTOS:<br \/>\n\u00bfLos productos son los mismos que las fotos?<br \/>\nSi, las fotos publicadas son fotos reales de los productos que vendemos.<\/p>\n<p>FUSION MUEBLES<\/p>\n","protected":false},"excerpt":{"rendered":"<p>Pupitre Clasico Bipersonal Fabricante Directo _______________________________________________________ GARANT\u00cdA POR 6 MESES | Todos los medios de pago | Factura A y B _______________________________________________________ ESPECIFICACIONES T\u00c9CNICAS &#8211; REFUERZO EN INTERIORES Y EXTERIORES &#8211; MEDIDAS: &#8211; Largo: 42 metros &#8211; Ancho: 104 cm. &#8211; Altura: 75 cm &#8211; ESTRUCTURA METALICA CON CA\u00d1O DE ACERO DE 1&#8243; Y 1\/2&#8243; [&#8230;]\n","protected":false},"featured_media":648,"comment_status":"open","ping_status":"closed","template":"","meta":{"_joinchat":[]},"product_brand":[],"product_cat":[34],"product_tag":[35],"class_list":{"0":"post-646","1":"product","2":"type-product","3":"status-publish","4":"has-post-thumbnail","6":"product_cat-pupitres","7":"product_tag-escolar","9":"first","10":"instock","11":"shipping-taxable","12":"purchasable","13":"product-type-variable","14":"has-default-attributes"},"_links":{"self":[{"href":"https:\/\/fusionmuebles.com.ar\/home\/wp-json\/wp\/v2\/product\/646","targetHints":{"allow":["GET"]}}],"collection":[{"href":"https:\/\/fusionmuebles.com.ar\/home\/wp-json\/wp\/v2\/product"}],"about":[{"href":"https:\/\/fusionmuebles.com.ar\/home\/wp-json\/wp\/v2\/types\/product"}],"replies":[{"embeddable":true,"href":"https:\/\/fusionmuebles.com.ar\/home\/wp-json\/wp\/v2\/comments?post=646"}],"wp:featuredmedia":[{"embeddable":true,"href":"https:\/\/fusionmuebles.com.ar\/home\/wp-json\/wp\/v2\/media\/648"}],"wp:attachment":[{"href":"https:\/\/fusionmuebles.com.ar\/home\/wp-json\/wp\/v2\/media?parent=646"}],"wp:term":[{"taxonomy":"product_brand","embeddable":true,"href":"https:\/\/fusionmuebles.com.ar\/home\/wp-json\/wp\/v2\/product_brand?post=646"},{"taxonomy":"product_cat","embeddable":true,"href":"https:\/\/fusionmuebles.com.ar\/home\/wp-json\/wp\/v2\/product_cat?post=646"},{"taxonomy":"product_tag","embeddable":true,"href":"https:\/\/fusionmuebles.com.ar\/home\/wp-json\/wp\/v2\/product_tag?post=646"}],"curies":[{"name":"wp","href":"https:\/\/api.w.org\/{rel}","templated":true}]}}