{"id":643,"date":"2021-10-28T14:12:37","date_gmt":"2021-10-28T14:12:37","guid":{"rendered":"https:\/\/fusionmuebles.com.ar\/home\/?post_type=product&#038;p=643"},"modified":"2026-05-12T10:16:43","modified_gmt":"2026-05-12T13:16:43","slug":"pupitre-antigolpe-bipersonal","status":"publish","type":"product","link":"https:\/\/fusionmuebles.com.ar\/home\/producto\/pupitre-antigolpe-bipersonal\/","title":{"rendered":"Pupitre Antigolpe Bipersonal"},"content":{"rendered":"<p>Pupitre Antigolpe Bipersonal Fabricante Directo<br \/>\n_______________________________________________________<\/p>\n<p>GARANT\u00cdA POR 6 MESES | Todos los medios de pago | Factura A y B<br \/>\n_______________________________________________________<\/p>\n<p>ESPECIFICACIONES T\u00c9CNICAS<\/p>\n<p>&#8211; REFUERZO EN INTERIORES Y EXTERIORES<br \/>\n&#8211; MEDIDAS:<br \/>\n&#8211; Largo: 42 cm<br \/>\n&#8211; Ancho: 104 cm<br \/>\n&#8211; Altura: 75 cm<br \/>\n&#8211; ESTRUCTURA METALICA CON CA\u00d1O DE ACERO DE 1&#8243; Y 1\/2&#8243;<br \/>\n&#8211; ARO PROTECTOR EN 7\/8&#8243; PARA CUIDARLO DE GOLPES<br \/>\n&#8211; PINTA EPOXI TERMOCONTRAIBLE DE ALTA RESISTENCIA<br \/>\n&#8211; SOLDADURA MIG<br \/>\n&#8211; ESTRUCTURA EN BEIGE, BLANCO O GRIS<br \/>\n&#8211; TAPA DE MADERA DE 15 MM CON ENCHAPADO EN FORMICA Y CANTOS LUSTRADOS<br \/>\n&#8211; PARRILLA PORTA UTILES<br \/>\n&#8211; FABRICANTE DIRECTO<\/p>\n<p>______________________________________________________<\/p>\n<p>*ENV\u00cdOS: CORTA DISTANCIA POR NUESTRA FLOTA DE CAMIONES, LARGA DISTANCIA POR TRANSPORTE O FLETE A CARGO DEL COMPRADOR. PONGA SU CODIGO POSTAL PARA CALCULAR EL VALOR DE ESTE, SI NO APARECE PUEDE CONSULTARNOS.<\/p>\n<p>*RETIRA: DE LUNES A VIERNES DE 8 A 5 PM POR PONTEVEDRA, MERLO.<\/p>\n<p>FUSION MUEBLES<\/p>\n","protected":false},"excerpt":{"rendered":"<p>Pupitre Antigolpe Bipersonal Fabricante Directo _______________________________________________________ GARANT\u00cdA POR 6 MESES | Todos los medios de pago | Factura A y B _______________________________________________________ ESPECIFICACIONES T\u00c9CNICAS &#8211; REFUERZO EN INTERIORES Y EXTERIORES &#8211; MEDIDAS: &#8211; Largo: 42 cm &#8211; Ancho: 104 cm &#8211; Altura: 75 cm &#8211; ESTRUCTURA METALICA CON CA\u00d1O DE ACERO DE 1&#8243; Y 1\/2&#8243; [&#8230;]\n","protected":false},"featured_media":645,"comment_status":"open","ping_status":"closed","template":"","meta":{"_joinchat":{"telephone":"+542204923665","message_text":"\u00a1Env\u00edenos su consulta y con gusto le responderemos!","message_send":"\u00a1Hola!\nEstoy en la p\u00e1gina de Fusion Muebles y me gustar\u00eda obtener m\u00e1s informaci\u00f3n sobre {PRODUCT} por favor."}},"product_brand":[],"product_cat":[34],"product_tag":[35],"class_list":{"0":"post-643","1":"product","2":"type-product","3":"status-publish","4":"has-post-thumbnail","6":"product_cat-pupitres","7":"product_tag-escolar","9":"first","10":"instock","11":"shipping-taxable","12":"purchasable","13":"product-type-variable","14":"has-default-attributes"},"_links":{"self":[{"href":"https:\/\/fusionmuebles.com.ar\/home\/wp-json\/wp\/v2\/product\/643","targetHints":{"allow":["GET"]}}],"collection":[{"href":"https:\/\/fusionmuebles.com.ar\/home\/wp-json\/wp\/v2\/product"}],"about":[{"href":"https:\/\/fusionmuebles.com.ar\/home\/wp-json\/wp\/v2\/types\/product"}],"replies":[{"embeddable":true,"href":"https:\/\/fusionmuebles.com.ar\/home\/wp-json\/wp\/v2\/comments?post=643"}],"wp:featuredmedia":[{"embeddable":true,"href":"https:\/\/fusionmuebles.com.ar\/home\/wp-json\/wp\/v2\/media\/645"}],"wp:attachment":[{"href":"https:\/\/fusionmuebles.com.ar\/home\/wp-json\/wp\/v2\/media?parent=643"}],"wp:term":[{"taxonomy":"product_brand","embeddable":true,"href":"https:\/\/fusionmuebles.com.ar\/home\/wp-json\/wp\/v2\/product_brand?post=643"},{"taxonomy":"product_cat","embeddable":true,"href":"https:\/\/fusionmuebles.com.ar\/home\/wp-json\/wp\/v2\/product_cat?post=643"},{"taxonomy":"product_tag","embeddable":true,"href":"https:\/\/fusionmuebles.com.ar\/home\/wp-json\/wp\/v2\/product_tag?post=643"}],"curies":[{"name":"wp","href":"https:\/\/api.w.org\/{rel}","templated":true}]}}