{"id":633,"date":"2021-10-28T13:36:58","date_gmt":"2021-10-28T13:36:58","guid":{"rendered":"https:\/\/fusionmuebles.com.ar\/home\/?post_type=product&#038;p=633"},"modified":"2026-04-08T14:16:29","modified_gmt":"2026-04-08T17:16:29","slug":"silla-escolar-antigolpe","status":"publish","type":"product","link":"https:\/\/fusionmuebles.com.ar\/home\/producto\/silla-escolar-antigolpe\/","title":{"rendered":"Silla Escolar Antigolpe"},"content":{"rendered":"<p>Silla Escolar Antigolpe<br \/>\n_______________________________________________________<\/p>\n<p>GARANT\u00cdA POR 6 MESES | Todos los medios de pago | Factura A y B |<br \/>\nDESCUENTO POR COMPRA MAYORISTA<br \/>\n_______________________________________________________<\/p>\n<p>ESPECIFICACIONES T\u00c9CNICAS<br \/>\n-Respaldo de MDF de 15 mm laminado en sus dos caras.<br \/>\n-Asiento laminado en la cara superior.<br \/>\n-Estructura de ca\u00f1o redondo reforzado de 1&#8243;<br \/>\n-La estructura tubular estar\u00e1 dispuesta en sus partes laterales de manera de protegerla contra golpes con una medida de 1 pulgada.<br \/>\n-Regatones antideslizantes y reforzados<br \/>\n-Medidas:<br \/>\nAltura 80 cm aproximado<br \/>\nAltura al asiento 45 cm<br \/>\nMedida del Asiento 45&#215;40 cm<br \/>\n&#8211; Pintura Epoxi de alta calidad y duraci\u00f3n.<br \/>\n______________________________________________________<\/p>\n<p>*ENV\u00cdOS: CORTA DISTANCIA POR NUESTRA FLOTA DE CAMIONES, LARGA DISTANCIA POR TRANSPORTE O FLETE A CARGO DEL COMPRADOR.<\/p>\n<p>*RETIRA: DE LUNES A VIERNES DE 8 A 5 PM POR PONTEVEDRA, MERLO.<\/p>\n<p>FUSION MUEBLES<\/p>\n","protected":false},"excerpt":{"rendered":"<p>Silla Escolar Antigolpe _______________________________________________________ GARANT\u00cdA POR 6 MESES | Todos los medios de pago | Factura A y B | DESCUENTO POR COMPRA MAYORISTA _______________________________________________________ ESPECIFICACIONES T\u00c9CNICAS -Respaldo de MDF de 15 mm laminado en sus dos caras. -Asiento laminado en la cara superior. -Estructura de ca\u00f1o redondo reforzado de 1&#8243; -La estructura tubular estar\u00e1 [&#8230;]\n","protected":false},"featured_media":2007,"comment_status":"closed","ping_status":"closed","template":"","meta":{"_joinchat":{"telephone":"+542204923665","message_text":"\u00a1Env\u00edenos su consulta y con gusto le responderemos!","message_send":"\u00a1Hola!\nEstoy en la p\u00e1gina de Fusion Muebles y me gustar\u00eda obtener m\u00e1s informaci\u00f3n sobre {PRODUCT} por favor."}},"product_brand":[],"product_cat":[75],"product_tag":[35],"class_list":{"0":"post-633","1":"product","2":"type-product","3":"status-publish","4":"has-post-thumbnail","6":"product_cat-sillas-escolares","7":"product_tag-escolar","8":"product_shipping_class-sillas-comedor","10":"first","11":"instock","12":"shipping-taxable","13":"purchasable","14":"product-type-variable","15":"has-default-attributes"},"_links":{"self":[{"href":"https:\/\/fusionmuebles.com.ar\/home\/wp-json\/wp\/v2\/product\/633","targetHints":{"allow":["GET"]}}],"collection":[{"href":"https:\/\/fusionmuebles.com.ar\/home\/wp-json\/wp\/v2\/product"}],"about":[{"href":"https:\/\/fusionmuebles.com.ar\/home\/wp-json\/wp\/v2\/types\/product"}],"replies":[{"embeddable":true,"href":"https:\/\/fusionmuebles.com.ar\/home\/wp-json\/wp\/v2\/comments?post=633"}],"wp:featuredmedia":[{"embeddable":true,"href":"https:\/\/fusionmuebles.com.ar\/home\/wp-json\/wp\/v2\/media\/2007"}],"wp:attachment":[{"href":"https:\/\/fusionmuebles.com.ar\/home\/wp-json\/wp\/v2\/media?parent=633"}],"wp:term":[{"taxonomy":"product_brand","embeddable":true,"href":"https:\/\/fusionmuebles.com.ar\/home\/wp-json\/wp\/v2\/product_brand?post=633"},{"taxonomy":"product_cat","embeddable":true,"href":"https:\/\/fusionmuebles.com.ar\/home\/wp-json\/wp\/v2\/product_cat?post=633"},{"taxonomy":"product_tag","embeddable":true,"href":"https:\/\/fusionmuebles.com.ar\/home\/wp-json\/wp\/v2\/product_tag?post=633"}],"curies":[{"name":"wp","href":"https:\/\/api.w.org\/{rel}","templated":true}]}}