{"id":2811,"date":"2026-05-14T16:12:16","date_gmt":"2026-05-14T19:12:16","guid":{"rendered":"https:\/\/fusionmuebles.com.ar\/home\/?post_type=product&#038;p=2811"},"modified":"2026-05-14T16:19:42","modified_gmt":"2026-05-14T19:19:42","slug":"banco-monolith","status":"publish","type":"product","link":"https:\/\/fusionmuebles.com.ar\/home\/producto\/banco-monolith\/","title":{"rendered":"Banco Monolith"},"content":{"rendered":"<p>Banco De Vestuario Monolith<br \/>\n_______________________________________________________<\/p>\n<p>GARANT\u00cdA POR 6 MESES | Todos los medios de pago | Factura A y B<br \/>\n_______________________________________________________<\/p>\n<p>ESPECIFICACIONES T\u00c9CNICAS<br \/>\n&#8211; MEDIDAS:<br \/>\nLARGO: 180 CM<br \/>\nANCHO: 40 CM<br \/>\nALTO: 45 CM<br \/>\n&#8211; Realizado totalmente por chapa reforzada de 2 mm de espesor, corte laser y plegado CNC.<br \/>\n&#8211; Por un 15% adicional puede poner el logo de su empresa en los costados a trav\u00e9s de calado laser, el producto publicado es liso en sus costados. Escribanos para pedir un presupuesto.<br \/>\n&#8211; Perfecto para 3 personas muy comodas.<br \/>\nIdel para vestuarios de clubes, gimnasios, empresas<br \/>\nLuego de la compra nos envias tu logo y nosotros lo sumamos en el corte laser.<\/p>\n<p>______________________________________________________<\/p>\n<p>*ENV\u00cdOS: CORTA DISTANCIA POR NUESTRA FLOTA DE CAMIONES, LARGA DISTANCIA POR TRANSPORTE O FLETE A CARGO DEL COMPRADOR.<\/p>\n<p>*RETIRA: DE LUNES A VIERNES DE 8 A 5 PM POR PONTEVEDRA, MERLO.<\/p>\n<p>FUSION MUEBLES<\/p>\n","protected":false},"excerpt":{"rendered":"<p>Banco De Vestuario Monolith _______________________________________________________ GARANT\u00cdA POR 6 MESES | Todos los medios de pago | Factura A y B _______________________________________________________ ESPECIFICACIONES T\u00c9CNICAS &#8211; MEDIDAS: LARGO: 180 CM ANCHO: 40 CM ALTO: 45 CM &#8211; Realizado totalmente por chapa reforzada de 2 mm de espesor, corte laser y plegado CNC. &#8211; Por un 15% adicional [&#8230;]\n","protected":false},"featured_media":2818,"comment_status":"closed","ping_status":"closed","template":"","meta":{"_joinchat":{"telephone":"+542204923665","message_text":"\u00a1Env\u00edenos su consulta y con gusto le responderemos!","message_send":"\u00a1Hola!\nEstoy en la p\u00e1gina de Fusion Muebles y me gustar\u00eda obtener m\u00e1s informaci\u00f3n sobre {PRODUCT} por favor."}},"product_brand":[],"product_cat":[118,23],"product_tag":[35,24],"class_list":{"0":"post-2811","1":"product","2":"type-product","3":"status-publish","4":"has-post-thumbnail","6":"product_cat-bancos-de-vestuario","7":"product_cat-muebles-metalicos","8":"product_tag-escolar","9":"product_tag-hogar-y-jardin","10":"product_shipping_class-sillas-comedor","12":"first","13":"instock","14":"shipping-taxable","15":"purchasable","16":"product-type-variable","17":"has-default-attributes"},"_links":{"self":[{"href":"https:\/\/fusionmuebles.com.ar\/home\/wp-json\/wp\/v2\/product\/2811","targetHints":{"allow":["GET"]}}],"collection":[{"href":"https:\/\/fusionmuebles.com.ar\/home\/wp-json\/wp\/v2\/product"}],"about":[{"href":"https:\/\/fusionmuebles.com.ar\/home\/wp-json\/wp\/v2\/types\/product"}],"replies":[{"embeddable":true,"href":"https:\/\/fusionmuebles.com.ar\/home\/wp-json\/wp\/v2\/comments?post=2811"}],"wp:featuredmedia":[{"embeddable":true,"href":"https:\/\/fusionmuebles.com.ar\/home\/wp-json\/wp\/v2\/media\/2818"}],"wp:attachment":[{"href":"https:\/\/fusionmuebles.com.ar\/home\/wp-json\/wp\/v2\/media?parent=2811"}],"wp:term":[{"taxonomy":"product_brand","embeddable":true,"href":"https:\/\/fusionmuebles.com.ar\/home\/wp-json\/wp\/v2\/product_brand?post=2811"},{"taxonomy":"product_cat","embeddable":true,"href":"https:\/\/fusionmuebles.com.ar\/home\/wp-json\/wp\/v2\/product_cat?post=2811"},{"taxonomy":"product_tag","embeddable":true,"href":"https:\/\/fusionmuebles.com.ar\/home\/wp-json\/wp\/v2\/product_tag?post=2811"}],"curies":[{"name":"wp","href":"https:\/\/api.w.org\/{rel}","templated":true}]}}