{"id":2573,"date":"2026-03-04T15:55:56","date_gmt":"2026-03-04T18:55:56","guid":{"rendered":"https:\/\/fusionmuebles.com.ar\/home\/?post_type=product&#038;p=2573"},"modified":"2026-05-12T10:15:34","modified_gmt":"2026-05-12T13:15:34","slug":"pupitre-antigolpe-bipersonal-trapezoidal","status":"publish","type":"product","link":"https:\/\/fusionmuebles.com.ar\/home\/producto\/pupitre-antigolpe-bipersonal-trapezoidal\/","title":{"rendered":"Pupitre Antigolpe Bipersonal Trapezoidal"},"content":{"rendered":"<p>Este pupitre destaca por su dise\u00f1o funcional y vers\u00e1til, ideal para entornos educativos modernos. Su estructura de metal de 1&#8243; 1\/4 antigolpe garantiza durabilidad y resistencia al uso diario. La superficie amplia y resistente ofrece comodidad y estabilidad para el trabajo continuo.<\/p>\n<p>Gracias a sus costados dise\u00f1ados en \u00e1ngulo de 45 grados, permite colocar varias unidades una junto a otra formando c\u00edrculos o configuraciones grupales, fomentando el trabajo colaborativo en el aula. Adem\u00e1s, incorpora una pr\u00e1ctica parrilla inferior para almacenamiento, optimizando el espacio. Adem\u00e1s, el porta mochilas es rebatible, evitando que sea una molestia cuando no est\u00e1 en uso.<\/p>\n<p>Una opci\u00f3n resistente, adaptable y pensada para el aprendizaje din\u00e1mico. <\/p>\n<p>ESPECIFICACIONES T\u00c9CNICAS<\/p>\n<p>&#8211; REFUERZO EN INTERIORES Y EXTERIORES<br \/>\n&#8211; MEDIDAS:<br \/>\nProfundidad: 46 cm<br \/>\nAncho: 122 cm lado largo y 105 cm lado corto<br \/>\nAltura: 73 cm<br \/>\n&#8211; ESTRUCTURA METALICA CON CA\u00d1O DE ACERO DE 1&#8243; Y 1\/4&#8243;<br \/>\n&#8211; ARO PROTECTOR EN 7\/8&#8243; PARA CUIDARLO DE GOLPES<br \/>\n&#8211; PINTA EPOXI TERMOCONTRAIBLE DE ALTA RESISTENCIA<br \/>\n&#8211; SOLDADURA MIG<br \/>\n&#8211; ESTRUCTURA EN BEIGE, BLANCO O GRIS<br \/>\n&#8211; TAPA DE MADERA DE 15 MM CON ENCHAPADO EN FORMICA Y CANTOS LUSTRADOS<br \/>\n&#8211; PARRILLA PORTA UTILES<br \/>\n&#8211; FABRICANTE DIRECTO<br \/>\n_______________________________________________________<\/p>\n<p>GARANT\u00cdA POR 6 MESES | Todos los medios de pago | Factura A y B <\/p>\n<p>______________________________________________________<\/p>\n<p>*ENV\u00cdOS: CORTA DISTANCIA POR NUESTRA FLOTA DE CAMIONES, LARGA DISTANCIA POR TRANSPORTE O FLETE A CARGO DEL COMPRADOR. PONGA SU CODIGO POSTAL PARA CALCULAR EL VALOR DE ESTE, SI NO APARECE PUEDE CONSULTARNOS.<\/p>\n<p>*RETIRA: DE LUNES A VIERNES DE 8 A 5 PM POR PONTEVEDRA, MERLO.<\/p>\n<p>FUSION MUEBLES<\/p>\n","protected":false},"excerpt":{"rendered":"<p>Este pupitre destaca por su dise\u00f1o funcional y vers\u00e1til, ideal para entornos educativos modernos. Su estructura de metal de 1&#8243; 1\/4 antigolpe garantiza durabilidad y resistencia al uso diario. La superficie amplia y resistente ofrece comodidad y estabilidad para el trabajo continuo. Gracias a sus costados dise\u00f1ados en \u00e1ngulo de 45 grados, permite colocar varias [&#8230;]\n","protected":false},"featured_media":2582,"comment_status":"open","ping_status":"closed","template":"","meta":{"_joinchat":{"telephone":"+542204923665","message_text":"\u00a1Env\u00edenos su consulta y con gusto le responderemos!","message_send":"\u00a1Hola!\nEstoy en la p\u00e1gina de Fusion Muebles y me gustar\u00eda obtener m\u00e1s informaci\u00f3n sobre {PRODUCT} por favor."}},"product_brand":[],"product_cat":[34],"product_tag":[35],"class_list":{"0":"post-2573","1":"product","2":"type-product","3":"status-publish","4":"has-post-thumbnail","6":"product_cat-pupitres","7":"product_tag-escolar","9":"first","10":"instock","11":"shipping-taxable","12":"purchasable","13":"product-type-variable","14":"has-default-attributes"},"_links":{"self":[{"href":"https:\/\/fusionmuebles.com.ar\/home\/wp-json\/wp\/v2\/product\/2573","targetHints":{"allow":["GET"]}}],"collection":[{"href":"https:\/\/fusionmuebles.com.ar\/home\/wp-json\/wp\/v2\/product"}],"about":[{"href":"https:\/\/fusionmuebles.com.ar\/home\/wp-json\/wp\/v2\/types\/product"}],"replies":[{"embeddable":true,"href":"https:\/\/fusionmuebles.com.ar\/home\/wp-json\/wp\/v2\/comments?post=2573"}],"wp:featuredmedia":[{"embeddable":true,"href":"https:\/\/fusionmuebles.com.ar\/home\/wp-json\/wp\/v2\/media\/2582"}],"wp:attachment":[{"href":"https:\/\/fusionmuebles.com.ar\/home\/wp-json\/wp\/v2\/media?parent=2573"}],"wp:term":[{"taxonomy":"product_brand","embeddable":true,"href":"https:\/\/fusionmuebles.com.ar\/home\/wp-json\/wp\/v2\/product_brand?post=2573"},{"taxonomy":"product_cat","embeddable":true,"href":"https:\/\/fusionmuebles.com.ar\/home\/wp-json\/wp\/v2\/product_cat?post=2573"},{"taxonomy":"product_tag","embeddable":true,"href":"https:\/\/fusionmuebles.com.ar\/home\/wp-json\/wp\/v2\/product_tag?post=2573"}],"curies":[{"name":"wp","href":"https:\/\/api.w.org\/{rel}","templated":true}]}}