{"id":2134,"date":"2025-08-12T20:40:39","date_gmt":"2025-08-12T20:40:39","guid":{"rendered":"https:\/\/fusionmuebles.com.ar\/home\/?post_type=product&#038;p=2134"},"modified":"2026-03-27T16:31:57","modified_gmt":"2026-03-27T19:31:57","slug":"silla-capri","status":"publish","type":"product","link":"https:\/\/fusionmuebles.com.ar\/home\/producto\/silla-capri\/","title":{"rendered":"Silla Capri"},"content":{"rendered":"<p>Silla Capri<\/p>\n<p>Esta es una silla que desplega el minimalismo en su bella simpleza.<br \/>\n Su estructura est\u00e1 compuesta por cuatro patas delgadas de metal negro, que le aportan estabilidad y un toque sofisticado.<br \/>\nEs una opci\u00f3n ideal para comedores, salas de estar o incluso espacios de trabajo con un estilo contempor\u00e1neo.<br \/>\nEl producto se env\u00eda en caja cerrada para mayor seguridad.<\/p>\n<p>Tapizada en pana antidesgarro y antimanchas.<br \/>\nPeso soportado: 120 kg<br \/>\nAltura del piso al asiento: 48 cm<br \/>\nAltura total: 83 cm<br \/>\nAncho: 50 cm<br \/>\nProfundidad: 44 cm<br \/>\nCuenta con 4 patas de hierro refrozado color negro mate microtexturado.<\/p>\n<p>_______________________________________________________<\/p>\n<p>GARANT\u00cdA POR 6 MESES | Todos los medios de pago | Factura A y B <\/p>\n","protected":false},"excerpt":{"rendered":"<p>Silla Capri Esta es una silla que desplega el minimalismo en su bella simpleza. Su estructura est\u00e1 compuesta por cuatro patas delgadas de metal negro, que le aportan estabilidad y un toque sofisticado. Es una opci\u00f3n ideal para comedores, salas de estar o incluso espacios de trabajo con un estilo contempor\u00e1neo. El producto se env\u00eda [&#8230;]\n","protected":false},"featured_media":2311,"comment_status":"closed","ping_status":"closed","template":"","meta":{"_joinchat":{"telephone":"+542204923665","message_text":"\u00a1Env\u00edenos su consulta y con gusto le responderemos!","message_send":"\u00a1Hola!\nEstoy en la p\u00e1gina de Fusion Muebles y me gustar\u00eda obtener m\u00e1s informaci\u00f3n sobre {PRODUCT} por favor."}},"product_brand":[],"product_cat":[93],"product_tag":[24],"class_list":{"0":"post-2134","1":"product","2":"type-product","3":"status-publish","4":"has-post-thumbnail","6":"product_cat-comedor","7":"product_tag-hogar-y-jardin","8":"product_shipping_class-sillas-comedor","10":"first","11":"instock","12":"sale","13":"shipping-taxable","14":"purchasable","15":"product-type-variable","16":"has-default-attributes"},"_links":{"self":[{"href":"https:\/\/fusionmuebles.com.ar\/home\/wp-json\/wp\/v2\/product\/2134","targetHints":{"allow":["GET"]}}],"collection":[{"href":"https:\/\/fusionmuebles.com.ar\/home\/wp-json\/wp\/v2\/product"}],"about":[{"href":"https:\/\/fusionmuebles.com.ar\/home\/wp-json\/wp\/v2\/types\/product"}],"replies":[{"embeddable":true,"href":"https:\/\/fusionmuebles.com.ar\/home\/wp-json\/wp\/v2\/comments?post=2134"}],"wp:featuredmedia":[{"embeddable":true,"href":"https:\/\/fusionmuebles.com.ar\/home\/wp-json\/wp\/v2\/media\/2311"}],"wp:attachment":[{"href":"https:\/\/fusionmuebles.com.ar\/home\/wp-json\/wp\/v2\/media?parent=2134"}],"wp:term":[{"taxonomy":"product_brand","embeddable":true,"href":"https:\/\/fusionmuebles.com.ar\/home\/wp-json\/wp\/v2\/product_brand?post=2134"},{"taxonomy":"product_cat","embeddable":true,"href":"https:\/\/fusionmuebles.com.ar\/home\/wp-json\/wp\/v2\/product_cat?post=2134"},{"taxonomy":"product_tag","embeddable":true,"href":"https:\/\/fusionmuebles.com.ar\/home\/wp-json\/wp\/v2\/product_tag?post=2134"}],"curies":[{"name":"wp","href":"https:\/\/api.w.org\/{rel}","templated":true}]}}