{"id":1045,"date":"2022-03-18T11:48:43","date_gmt":"2022-03-18T11:48:43","guid":{"rendered":"https:\/\/fusionmuebles.com.ar\/home\/?post_type=product&#038;p=1045"},"modified":"2026-01-21T12:21:18","modified_gmt":"2026-01-21T15:21:18","slug":"mesa-rectangular-de-jardin","status":"publish","type":"product","link":"https:\/\/fusionmuebles.com.ar\/home\/producto\/mesa-rectangular-de-jardin\/","title":{"rendered":"Mesa Rectangular de Jardin"},"content":{"rendered":"<p>Mesa Rectangular de Jard\u00edn<br \/>\n_______________________________________________________<\/p>\n<p>GARANT\u00cdA POR 6 MESES | Todos los medios de pago | Factura A y B<br \/>\n_______________________________________________________<\/p>\n<p>ESPECIFICACIONES T\u00c9CNICAS<br \/>\nPupitre:<br \/>\n&#8211; REFUERZO EN INTERIORES Y EXTERIORES<br \/>\n&#8211; MEDIDAS:<br \/>\n&#8211; Largo: 120 cm<br \/>\n&#8211; Ancho: 60 cm<br \/>\n&#8211; Altura: 52 cm<br \/>\n&#8211; ESTRUCTURA METALICA CON CA\u00d1O DE ACERO<br \/>\n&#8211; PINTA EPOXI TERMOCONTRAIBLE DE ALTA RESISTENCIA<br \/>\n&#8211; SOLDADURA MIG<br \/>\n&#8211; ESTRUCTURA EN BEIGE, BLANCO O GRIS<br \/>\n&#8211; TAPA DE MADERA DE 15 MM CON ENCHAPADO EN FORMICA Y CANTOS LUSTRADOS<br \/>\n&#8211; FABRICANTE DIRECTO<\/p>\n<p>______________________________________________________<\/p>\n<p>*ENV\u00cdOS: CORTA DISTANCIA POR NUESTRA FLOTA DE CAMIONES, LARGA DISTANCIA POR TRANSPORTE O FLETE A CARGO DEL COMPRADOR. PONGA SU CODIGO POSTAL PARA CALCULAR EL VALOR DE ESTE, SI NO APARECE PUEDE CONSULTARNOS.<\/p>\n<p>*RETIRA: DE LUNES A VIERNES DE 8 A 5 PM POR PONTEVEDRA, MERLO.<\/p>\n<p>\u2022 PREGUNTAS FRECUENTES:<\/p>\n<p>ENV\u00cdOS:<br \/>\n\u00bfPuedo pasar a retirar mi producto?<br \/>\nSi, podes pasar a retirarlo por nuestra fabrica en Pontevedra, Merlo, Bs As. Esta opci\u00f3n la debes seleccionar al momento de realizar la compra.<br \/>\n\u00bfCu\u00e1l es el precio de los env\u00edos?<br \/>\nLos precios de env\u00edo var\u00edan seg\u00fan la zona ponga su C\u00f3digo Postal y se lo calcula, si no aparece el precio consulte.<br \/>\nSi, pag\u00e1s todo junto (producto + env\u00edo).<br \/>\n\u00bfHacen env\u00edos a todo el pa\u00eds?<br \/>\nSi, realizamos env\u00edos a todo el pa\u00eds a trav\u00e9s de flete o expreso.<br \/>\n\u00bfPodr\u00e1n entregar mi pedido en mi trabajo o en otro lado?<br \/>\nSi, pod\u00e9s recibirlo en el domicilio que quieras.<br \/>\n\u00bfEl producto lo puede recibir cualquier persona?<br \/>\nSi, en el proceso de compra, vas a poder definir qui\u00e9n va a recibir el pedido, debes dejar una autorizaci\u00f3n firmada con los datos de la persona que recibe y fotocopia de tu DNI.<\/p>\n<p>PRODUCTOS:<br \/>\n\u00bfLos productos son los mismos que las fotos?<br \/>\nSi, las fotos publicadas son fotos reales de los productos que vendemos.<\/p>\n<p>FUSION MUEBLES<\/p>\n","protected":false},"excerpt":{"rendered":"<p>Mesa Rectangular de Jard\u00edn _______________________________________________________ GARANT\u00cdA POR 6 MESES | Todos los medios de pago | Factura A y B _______________________________________________________ ESPECIFICACIONES T\u00c9CNICAS Pupitre: &#8211; REFUERZO EN INTERIORES Y EXTERIORES &#8211; MEDIDAS: &#8211; Largo: 120 cm &#8211; Ancho: 60 cm &#8211; Altura: 52 cm &#8211; ESTRUCTURA METALICA CON CA\u00d1O DE ACERO &#8211; PINTA EPOXI TERMOCONTRAIBLE [&#8230;]\n","protected":false},"featured_media":1047,"comment_status":"open","ping_status":"closed","template":"","meta":{"_joinchat":{"telephone":"+542204923665","message_text":"\u00a1Env\u00edenos su consulta y con gusto le responderemos!","message_send":"\u00a1Hola!\nEstoy en la p\u00e1gina de Fusion Muebles y me gustar\u00eda obtener m\u00e1s informaci\u00f3n sobre {PRODUCT} por favor."}},"product_brand":[],"product_cat":[34],"product_tag":[35],"class_list":{"0":"post-1045","1":"product","2":"type-product","3":"status-publish","4":"has-post-thumbnail","6":"product_cat-pupitres","7":"product_tag-escolar","8":"product_shipping_class-escritorios-gamers","10":"first","11":"instock","12":"shipping-taxable","13":"purchasable","14":"product-type-simple"},"_links":{"self":[{"href":"https:\/\/fusionmuebles.com.ar\/home\/wp-json\/wp\/v2\/product\/1045","targetHints":{"allow":["GET"]}}],"collection":[{"href":"https:\/\/fusionmuebles.com.ar\/home\/wp-json\/wp\/v2\/product"}],"about":[{"href":"https:\/\/fusionmuebles.com.ar\/home\/wp-json\/wp\/v2\/types\/product"}],"replies":[{"embeddable":true,"href":"https:\/\/fusionmuebles.com.ar\/home\/wp-json\/wp\/v2\/comments?post=1045"}],"wp:featuredmedia":[{"embeddable":true,"href":"https:\/\/fusionmuebles.com.ar\/home\/wp-json\/wp\/v2\/media\/1047"}],"wp:attachment":[{"href":"https:\/\/fusionmuebles.com.ar\/home\/wp-json\/wp\/v2\/media?parent=1045"}],"wp:term":[{"taxonomy":"product_brand","embeddable":true,"href":"https:\/\/fusionmuebles.com.ar\/home\/wp-json\/wp\/v2\/product_brand?post=1045"},{"taxonomy":"product_cat","embeddable":true,"href":"https:\/\/fusionmuebles.com.ar\/home\/wp-json\/wp\/v2\/product_cat?post=1045"},{"taxonomy":"product_tag","embeddable":true,"href":"https:\/\/fusionmuebles.com.ar\/home\/wp-json\/wp\/v2\/product_tag?post=1045"}],"curies":[{"name":"wp","href":"https:\/\/api.w.org\/{rel}","templated":true}]}}