{"id":1006,"date":"2022-03-02T22:12:43","date_gmt":"2022-03-02T22:12:43","guid":{"rendered":"https:\/\/fusionmuebles.com.ar\/home\/?post_type=product&#038;p=1006"},"modified":"2026-05-05T10:20:34","modified_gmt":"2026-05-05T13:20:34","slug":"locker-12-puertas-metalico","status":"publish","type":"product","link":"https:\/\/fusionmuebles.com.ar\/home\/producto\/locker-12-puertas-metalico\/","title":{"rendered":"Locker 12 Puertas Met\u00e1lico"},"content":{"rendered":"<p>LOCKERS DE 12 PUERTAS CON CERRADURA DE CANDADO<br \/>\n___________________________________________________<br \/>\nGARANT\u00cdA POR 6 MESES | Todos los medios de pago | Factura A y B<br \/>\n____________________________________________________<br \/>\nESPECIFICACIONES T\u00c9CNICAS<br \/>\nLOCKER met\u00e1lico 12 puertas<br \/>\nConstruido en chapa de acero calibre 22 para m\u00e1xima fortaleza estructural<br \/>\nTerminaci\u00f3n en pintura sint\u00e9tica horneada a 180 \u00baC<br \/>\nIncluye gancho interno para colgar<br \/>\nCerradura para candado<\/p>\n<p>Medidas<br \/>\nAltura 183 cm<br \/>\nAncho 78 cm<br \/>\nProfundidad 52 cm<br \/>\n______________________________________________________<\/p>\n<p>*ENV\u00cdOS: CON CAMIONES PROPIOS EN BUENOS AIRES, TRANSPORTE EN LARGA DISTANCIA.<\/p>\n<p>*RETIRA: DE LUNES A VIERNES DE 8 A 5 PM POR PONTEVEDRA, MERLO.<\/p>\n","protected":false},"excerpt":{"rendered":"<p>LOCKERS DE 12 PUERTAS CON CERRADURA DE CANDADO ___________________________________________________ GARANT\u00cdA POR 6 MESES | Todos los medios de pago | Factura A y B ____________________________________________________ ESPECIFICACIONES T\u00c9CNICAS LOCKER met\u00e1lico 12 puertas Construido en chapa de acero calibre 22 para m\u00e1xima fortaleza estructural Terminaci\u00f3n en pintura sint\u00e9tica horneada a 180 \u00baC Incluye gancho interno para colgar [&#8230;]\n","protected":false},"featured_media":2160,"comment_status":"closed","ping_status":"closed","template":"","meta":{"_joinchat":{"telephone":"+542204923665","message_text":"\u00a1Env\u00edenos su consulta y con gusto le responderemos!","message_send":"\u00a1Hola!\nEstoy en la p\u00e1gina de Fusion Muebles y me gustar\u00eda obtener m\u00e1s informaci\u00f3n sobre {PRODUCT} por favor."}},"product_brand":[],"product_cat":[97,23],"product_tag":[35,33],"class_list":{"0":"post-1006","1":"product","2":"type-product","3":"status-publish","4":"has-post-thumbnail","6":"product_cat-locker","7":"product_cat-muebles-metalicos","8":"product_tag-escolar","9":"product_tag-oficina","10":"product_shipping_class-maquilladores","12":"first","13":"instock","14":"shipping-taxable","15":"purchasable","16":"product-type-simple"},"_links":{"self":[{"href":"https:\/\/fusionmuebles.com.ar\/home\/wp-json\/wp\/v2\/product\/1006","targetHints":{"allow":["GET"]}}],"collection":[{"href":"https:\/\/fusionmuebles.com.ar\/home\/wp-json\/wp\/v2\/product"}],"about":[{"href":"https:\/\/fusionmuebles.com.ar\/home\/wp-json\/wp\/v2\/types\/product"}],"replies":[{"embeddable":true,"href":"https:\/\/fusionmuebles.com.ar\/home\/wp-json\/wp\/v2\/comments?post=1006"}],"wp:featuredmedia":[{"embeddable":true,"href":"https:\/\/fusionmuebles.com.ar\/home\/wp-json\/wp\/v2\/media\/2160"}],"wp:attachment":[{"href":"https:\/\/fusionmuebles.com.ar\/home\/wp-json\/wp\/v2\/media?parent=1006"}],"wp:term":[{"taxonomy":"product_brand","embeddable":true,"href":"https:\/\/fusionmuebles.com.ar\/home\/wp-json\/wp\/v2\/product_brand?post=1006"},{"taxonomy":"product_cat","embeddable":true,"href":"https:\/\/fusionmuebles.com.ar\/home\/wp-json\/wp\/v2\/product_cat?post=1006"},{"taxonomy":"product_tag","embeddable":true,"href":"https:\/\/fusionmuebles.com.ar\/home\/wp-json\/wp\/v2\/product_tag?post=1006"}],"curies":[{"name":"wp","href":"https:\/\/api.w.org\/{rel}","templated":true}]}}