{"id":1004,"date":"2022-03-02T22:07:14","date_gmt":"2022-03-02T22:07:14","guid":{"rendered":"https:\/\/fusionmuebles.com.ar\/home\/?post_type=product&#038;p=1004"},"modified":"2026-05-05T10:44:32","modified_gmt":"2026-05-05T13:44:32","slug":"guardarropas-3-puertas-largas","status":"publish","type":"product","link":"https:\/\/fusionmuebles.com.ar\/home\/producto\/guardarropas-3-puertas-largas\/","title":{"rendered":"Guardarropas 3 Puertas Largas"},"content":{"rendered":"<p>Guardarropas 3 Puertas Largas<br \/>\n_______________________________________________________<\/p>\n<p>GARANT\u00cdA POR 6 MESES | Todos los medios de pago | Factura A y B _______________________________________________________<\/p>\n<p>ESPECIFICACIONES T\u00c9CNICAS<br \/>\n&#8211; POSEE 3 PUERTAS LARGAS<br \/>\n&#8211; MEDIDAS:<br \/>\nALTO: 183 CM<br \/>\nANCHO: 78 CM<br \/>\nPROFUNDIDAD: 52 CM<br \/>\n&#8211; SISTEMA DE CIERRE CON APLICACI\u00d3N DE CANDADO<br \/>\n&#8211; INTERIORES CON PERCHERO Y BARRAL PORTA PERCHAS<br \/>\n&#8211; PUERTAS CON PERFORACIONES PARA VENTILACI\u00d3N<br \/>\n______________________________________________________<\/p>\n<p>ENV\u00cdOS: CORTA DISTANCIA POR NUESTRA FLOTA DE CAMIONES, LARGA DISTANCIA POR TRANSPORTE O FLETE A CARGO DEL COMPRADOR.<\/p>\n<p>*RETIRA: DE LUNES A VIERNES DE 8 A 5 PM POR PONTEVEDRA, MERLO.<\/p>\n<p>FUSION MUEBLES<\/p>\n","protected":false},"excerpt":{"rendered":"<p>Guardarropas 3 Puertas Largas _______________________________________________________ GARANT\u00cdA POR 6 MESES | Todos los medios de pago | Factura A y B _______________________________________________________ ESPECIFICACIONES T\u00c9CNICAS &#8211; POSEE 3 PUERTAS LARGAS &#8211; MEDIDAS: ALTO: 183 CM ANCHO: 78 CM PROFUNDIDAD: 52 CM &#8211; SISTEMA DE CIERRE CON APLICACI\u00d3N DE CANDADO &#8211; INTERIORES CON PERCHERO Y BARRAL PORTA PERCHAS [&#8230;]\n","protected":false},"featured_media":1005,"comment_status":"closed","ping_status":"closed","template":"","meta":{"_joinchat":{"telephone":"+542204923665","message_text":"\u00a1Env\u00edenos su consulta y con gusto le responderemos!","message_send":"\u00a1Hola!\nEstoy en la p\u00e1gina de Fusion Muebles y me gustar\u00eda obtener m\u00e1s informaci\u00f3n sobre {PRODUCT} por favor."}},"product_brand":[],"product_cat":[96,23],"product_tag":[35,33],"class_list":{"0":"post-1004","1":"product","2":"type-product","3":"status-publish","4":"has-post-thumbnail","6":"product_cat-guardarropas","7":"product_cat-muebles-metalicos","8":"product_tag-escolar","9":"product_tag-oficina","10":"product_shipping_class-maquilladores","12":"first","13":"instock","14":"shipping-taxable","15":"purchasable","16":"product-type-simple"},"_links":{"self":[{"href":"https:\/\/fusionmuebles.com.ar\/home\/wp-json\/wp\/v2\/product\/1004","targetHints":{"allow":["GET"]}}],"collection":[{"href":"https:\/\/fusionmuebles.com.ar\/home\/wp-json\/wp\/v2\/product"}],"about":[{"href":"https:\/\/fusionmuebles.com.ar\/home\/wp-json\/wp\/v2\/types\/product"}],"replies":[{"embeddable":true,"href":"https:\/\/fusionmuebles.com.ar\/home\/wp-json\/wp\/v2\/comments?post=1004"}],"wp:featuredmedia":[{"embeddable":true,"href":"https:\/\/fusionmuebles.com.ar\/home\/wp-json\/wp\/v2\/media\/1005"}],"wp:attachment":[{"href":"https:\/\/fusionmuebles.com.ar\/home\/wp-json\/wp\/v2\/media?parent=1004"}],"wp:term":[{"taxonomy":"product_brand","embeddable":true,"href":"https:\/\/fusionmuebles.com.ar\/home\/wp-json\/wp\/v2\/product_brand?post=1004"},{"taxonomy":"product_cat","embeddable":true,"href":"https:\/\/fusionmuebles.com.ar\/home\/wp-json\/wp\/v2\/product_cat?post=1004"},{"taxonomy":"product_tag","embeddable":true,"href":"https:\/\/fusionmuebles.com.ar\/home\/wp-json\/wp\/v2\/product_tag?post=1004"}],"curies":[{"name":"wp","href":"https:\/\/api.w.org\/{rel}","templated":true}]}}